{"id":536,"date":"2017-07-23T14:10:09","date_gmt":"2017-07-23T12:10:09","guid":{"rendered":"https:\/\/www.onestopfitness.eu\/body2last?page_id=536"},"modified":"2017-09-11T10:15:26","modified_gmt":"2017-09-11T08:15:26","slug":"body2mental","status":"publish","type":"page","link":"https:\/\/www.body2last.nl?page_id=536","title":{"rendered":"Body2Mental Performance"},"content":{"rendered":"<p>[vc_row full_width_row=&#8221;true&#8221;][vc_column][vc_single_image image=&#8221;538&#8243; img_size=&#8221;1920&#215;700&#8243; alignment=&#8221;center&#8221; image_hovers=&#8221;false&#8221; lazy_loading=&#8221;true&#8221;][\/vc_column][\/vc_row][vc_row full_width_row=&#8221;true&#8221; min_height=&#8221;150px&#8221;]<\/p>\n<h1>Body2Mental Performance<\/h1>\n<p>[\/vc_row][vc_row][vc_column][vc_column_text]<\/p>\n<p>[\/vc_column_text][\/vc_column][\/vc_row][vc_row][vc_column][vc_single_image image=&#8221;666&#8243; img_size=&#8221;300&#215;300&#8243; alignment=&#8221;center&#8221; css=&#8221;.vc_custom_1502706497943{padding-bottom: 10px !important;}&#8221;][vc_column_text]<\/p>\n<h4 style=\"text-align: center;\">Body2Mental Performance<\/h4>\n<p style=\"text-align: center;\">\n<div class=\"hr-thick\"><\/div>\n<p style=\"text-align: center;\">\n<p>Ook bij psychische klachten veroorzaakt door depressie, burn-out of bore-out kan coaching een essenti\u00eble rol vervullen in het herstelproces. De oorsprong van zulke klachten kan immers liggen in een verstoring van de prestaties of een stagnatie in de verdere ontwikkeling.<\/p>\n<p>Door middel van \u00e9\u00e9n-op-\u00e9\u00e9n coaching kunnen\u00a0deze klachten worden voorkomen of behandeld en wordt het mogelijk weer structuur en overzicht te verkrijgen. De cli\u00ebnt krijgt daardoor weer het vermogen om de persoonlijke en maatschappelijke omgeving duidelijker te overzien.<\/p>\n<p>In het Body2Last Body2Mental Performance-programma wordt beweging toegepast vanaf een basis- tot een gevorderd niveau. Daarmee wordt de fysieke conditie door oefeningen\u00a0verbeterd, wordt het zelfvertrouwen versterkt en wordt gewerkt aan het herstel van vertrouwen in de eigen kwaliteiten en kundigheid, als opstap naar het verwezenlijken van het persoonlijke potentieel.<\/p>\n<p>Deze wijze van coaching helpt om het stressniveau bij de dagelijkse maatschappelijke opgaves en uitdagingen te verminderen en weer door te groeien naar zelfbewustzijn van de persoonlijke capaciteiten.<\/p>\n<h5 style=\"text-align: center;\"><strong>Begeleidingsopties<\/strong><\/h5>\n<p style=\"text-align: center;\">Course training basic<\/p>\n<p style=\"text-align: center;\">Course training advanced<\/p>\n<p style=\"text-align: center;\">Course training premium<\/p>\n<p style=\"text-align: center;\">Training by the hour<\/p>\n<p>[\/vc_column_text][\/vc_column][\/vc_row]<br \/>\n[vc_row][vc_column][vc_column_text]<\/p>\n<p style=\"text-align: center;\"><a href=\"https:\/\/www.body2last.nl?page_id=16\"><img loading=\"lazy\" class=\"aligncenter wp-image-756 size-full\" src=\"https:\/\/www.body2last.nl\/wp-content\/uploads\/sites\/2\/2017\/05\/Icons_B2L_DEF_AFSPRAAK_200x300.jpg\" alt=\"Maak afspraak\" width=\"200\" height=\"300\" \/><\/a><\/p>\n<p>[\/vc_column_text][\/vc_column][\/vc_row]<\/p>\n<div class=\"gap\" style=\"line-height: 40px; height: 40px;\"><\/div>\n","protected":false},"excerpt":{"rendered":"<p>[vc_row full_width_row=&#8221;true&#8221;][vc_column][vc_single_image image=&#8221;538&#8243; img_size=&#8221;1920&#215;700&#8243; alignment=&#8221;center&#8221; image_hovers=&#8221;false&#8221; lazy_loading=&#8221;true&#8221;][\/vc_column][\/vc_row][vc_row full_width_row=&#8221;true&#8221; min_height=&#8221;150px&#8221;] Body2Mental Performance [\/vc_row][vc_row][vc_column][vc_column_text] [\/vc_column_text][\/vc_column][\/vc_row][vc_row][vc_column][vc_single_image image=&#8221;666&#8243; img_size=&#8221;300&#215;300&#8243; alignment=&#8221;center&#8221; css=&#8221;.vc_custom_1502706497943{padding-bottom: 10px !important;}&#8221;][vc_column_text] Body2Mental Performance Ook bij psychische klachten veroorzaakt door depressie, burn-out of bore-out kan coaching een essenti\u00eble rol vervullen in het herstelproces. De oorsprong van zulke klachten kan immers liggen in een verstoring van de prestaties of&hellip;<\/p>\n","protected":false},"author":1,"featured_media":0,"parent":10,"menu_order":3,"comment_status":"closed","ping_status":"closed","template":"","meta":{"_mi_skip_tracking":false,"_monsterinsights_sitenote_active":false,"_monsterinsights_sitenote_note":"","_monsterinsights_sitenote_category":0},"yoast_head":"<!-- This site is optimized with the Yoast SEO plugin v19.1 - https:\/\/yoast.com\/wordpress\/plugins\/seo\/ -->\n<title>Body2Mental Performance - Body2Last<\/title>\n<meta name=\"robots\" content=\"index, follow, max-snippet:-1, max-image-preview:large, max-video-preview:-1\" \/>\n<link rel=\"canonical\" href=\"https:\/\/www.body2last.nl\/?page_id=536\" \/>\n<meta property=\"og:locale\" content=\"nl_NL\" \/>\n<meta property=\"og:type\" content=\"article\" \/>\n<meta property=\"og:title\" content=\"Body2Mental Performance - Body2Last\" \/>\n<meta property=\"og:description\" content=\"[vc_row full_width_row=&#8221;true&#8221;][vc_column][vc_single_image image=&#8221;538&#8243; img_size=&#8221;1920&#215;700&#8243; alignment=&#8221;center&#8221; image_hovers=&#8221;false&#8221; lazy_loading=&#8221;true&#8221;][\/vc_column][\/vc_row][vc_row full_width_row=&#8221;true&#8221; min_height=&#8221;150px&#8221;] Body2Mental Performance [\/vc_row][vc_row][vc_column][vc_column_text] [\/vc_column_text][\/vc_column][\/vc_row][vc_row][vc_column][vc_single_image image=&#8221;666&#8243; img_size=&#8221;300&#215;300&#8243; alignment=&#8221;center&#8221; css=&#8221;.vc_custom_1502706497943{padding-bottom: 10px !important;}&#8221;][vc_column_text] Body2Mental Performance Ook bij psychische klachten veroorzaakt door depressie, burn-out of bore-out kan coaching een essenti\u00eble rol vervullen in het herstelproces. De oorsprong van zulke klachten kan immers liggen in een verstoring van de prestaties of&hellip;\" \/>\n<meta property=\"og:url\" content=\"https:\/\/www.body2last.nl\/?page_id=536\" \/>\n<meta property=\"og:site_name\" content=\"Body2Last\" \/>\n<meta property=\"article:modified_time\" content=\"2017-09-11T08:15:26+00:00\" \/>\n<meta property=\"og:image\" content=\"https:\/\/www.body2last.nl\/wp-content\/uploads\/sites\/2\/2017\/05\/Icons_B2L_DEF_AFSPRAAK_200x300.jpg\" \/>\n<meta name=\"twitter:card\" content=\"summary\" \/>\n<meta name=\"twitter:label1\" content=\"Geschatte leestijd\" \/>\n\t<meta name=\"twitter:data1\" content=\"1 minuut\" \/>\n<script type=\"application\/ld+json\" class=\"yoast-schema-graph\">{\"@context\":\"https:\/\/schema.org\",\"@graph\":[{\"@type\":\"WebSite\",\"@id\":\"https:\/\/www.body2last.nl\/#website\",\"url\":\"https:\/\/www.body2last.nl\/\",\"name\":\"Body2Last\",\"description\":\"Body2Last - Elite Personal Training\",\"potentialAction\":[{\"@type\":\"SearchAction\",\"target\":{\"@type\":\"EntryPoint\",\"urlTemplate\":\"https:\/\/www.body2last.nl\/?s={search_term_string}\"},\"query-input\":\"required name=search_term_string\"}],\"inLanguage\":\"nl\"},{\"@type\":\"ImageObject\",\"inLanguage\":\"nl\",\"@id\":\"https:\/\/www.body2last.nl\/?page_id=536#primaryimage\",\"url\":\"https:\/\/www.body2last.nl\/wp-content\/uploads\/sites\/2\/2017\/05\/Icons_B2L_DEF_AFSPRAAK_200x300.jpg\",\"contentUrl\":\"https:\/\/www.body2last.nl\/wp-content\/uploads\/sites\/2\/2017\/05\/Icons_B2L_DEF_AFSPRAAK_200x300.jpg\"},{\"@type\":\"WebPage\",\"@id\":\"https:\/\/www.body2last.nl\/?page_id=536#webpage\",\"url\":\"https:\/\/www.body2last.nl\/?page_id=536\",\"name\":\"Body2Mental Performance - Body2Last\",\"isPartOf\":{\"@id\":\"https:\/\/www.body2last.nl\/#website\"},\"primaryImageOfPage\":{\"@id\":\"https:\/\/www.body2last.nl\/?page_id=536#primaryimage\"},\"datePublished\":\"2017-07-23T12:10:09+00:00\",\"dateModified\":\"2017-09-11T08:15:26+00:00\",\"breadcrumb\":{\"@id\":\"https:\/\/www.body2last.nl\/?page_id=536#breadcrumb\"},\"inLanguage\":\"nl\",\"potentialAction\":[{\"@type\":\"ReadAction\",\"target\":[\"https:\/\/www.body2last.nl\/?page_id=536\"]}]},{\"@type\":\"BreadcrumbList\",\"@id\":\"https:\/\/www.body2last.nl\/?page_id=536#breadcrumb\",\"itemListElement\":[{\"@type\":\"ListItem\",\"position\":1,\"name\":\"Home\",\"item\":\"https:\/\/www.body2last.nl\/\"},{\"@type\":\"ListItem\",\"position\":2,\"name\":\"Programma&#8217;s\",\"item\":\"https:\/\/www.body2last.nl\/?page_id=10\"},{\"@type\":\"ListItem\",\"position\":3,\"name\":\"Body2Mental Performance\"}]}]}<\/script>\n<!-- \/ Yoast SEO plugin. -->","yoast_head_json":{"title":"Body2Mental Performance - Body2Last","robots":{"index":"index","follow":"follow","max-snippet":"max-snippet:-1","max-image-preview":"max-image-preview:large","max-video-preview":"max-video-preview:-1"},"canonical":"https:\/\/www.body2last.nl\/?page_id=536","og_locale":"nl_NL","og_type":"article","og_title":"Body2Mental Performance - Body2Last","og_description":"[vc_row full_width_row=&#8221;true&#8221;][vc_column][vc_single_image image=&#8221;538&#8243; img_size=&#8221;1920&#215;700&#8243; alignment=&#8221;center&#8221; image_hovers=&#8221;false&#8221; lazy_loading=&#8221;true&#8221;][\/vc_column][\/vc_row][vc_row full_width_row=&#8221;true&#8221; min_height=&#8221;150px&#8221;] Body2Mental Performance [\/vc_row][vc_row][vc_column][vc_column_text] [\/vc_column_text][\/vc_column][\/vc_row][vc_row][vc_column][vc_single_image image=&#8221;666&#8243; img_size=&#8221;300&#215;300&#8243; alignment=&#8221;center&#8221; css=&#8221;.vc_custom_1502706497943{padding-bottom: 10px !important;}&#8221;][vc_column_text] Body2Mental Performance Ook bij psychische klachten veroorzaakt door depressie, burn-out of bore-out kan coaching een essenti\u00eble rol vervullen in het herstelproces. De oorsprong van zulke klachten kan immers liggen in een verstoring van de prestaties of&hellip;","og_url":"https:\/\/www.body2last.nl\/?page_id=536","og_site_name":"Body2Last","article_modified_time":"2017-09-11T08:15:26+00:00","og_image":[{"url":"https:\/\/www.body2last.nl\/wp-content\/uploads\/sites\/2\/2017\/05\/Icons_B2L_DEF_AFSPRAAK_200x300.jpg"}],"twitter_card":"summary","twitter_misc":{"Geschatte leestijd":"1 minuut"},"schema":{"@context":"https:\/\/schema.org","@graph":[{"@type":"WebSite","@id":"https:\/\/www.body2last.nl\/#website","url":"https:\/\/www.body2last.nl\/","name":"Body2Last","description":"Body2Last - Elite Personal Training","potentialAction":[{"@type":"SearchAction","target":{"@type":"EntryPoint","urlTemplate":"https:\/\/www.body2last.nl\/?s={search_term_string}"},"query-input":"required name=search_term_string"}],"inLanguage":"nl"},{"@type":"ImageObject","inLanguage":"nl","@id":"https:\/\/www.body2last.nl\/?page_id=536#primaryimage","url":"https:\/\/www.body2last.nl\/wp-content\/uploads\/sites\/2\/2017\/05\/Icons_B2L_DEF_AFSPRAAK_200x300.jpg","contentUrl":"https:\/\/www.body2last.nl\/wp-content\/uploads\/sites\/2\/2017\/05\/Icons_B2L_DEF_AFSPRAAK_200x300.jpg"},{"@type":"WebPage","@id":"https:\/\/www.body2last.nl\/?page_id=536#webpage","url":"https:\/\/www.body2last.nl\/?page_id=536","name":"Body2Mental Performance - Body2Last","isPartOf":{"@id":"https:\/\/www.body2last.nl\/#website"},"primaryImageOfPage":{"@id":"https:\/\/www.body2last.nl\/?page_id=536#primaryimage"},"datePublished":"2017-07-23T12:10:09+00:00","dateModified":"2017-09-11T08:15:26+00:00","breadcrumb":{"@id":"https:\/\/www.body2last.nl\/?page_id=536#breadcrumb"},"inLanguage":"nl","potentialAction":[{"@type":"ReadAction","target":["https:\/\/www.body2last.nl\/?page_id=536"]}]},{"@type":"BreadcrumbList","@id":"https:\/\/www.body2last.nl\/?page_id=536#breadcrumb","itemListElement":[{"@type":"ListItem","position":1,"name":"Home","item":"https:\/\/www.body2last.nl\/"},{"@type":"ListItem","position":2,"name":"Programma&#8217;s","item":"https:\/\/www.body2last.nl\/?page_id=10"},{"@type":"ListItem","position":3,"name":"Body2Mental Performance"}]}]}},"_links":{"self":[{"href":"https:\/\/www.body2last.nl\/index.php?rest_route=\/wp\/v2\/pages\/536"}],"collection":[{"href":"https:\/\/www.body2last.nl\/index.php?rest_route=\/wp\/v2\/pages"}],"about":[{"href":"https:\/\/www.body2last.nl\/index.php?rest_route=\/wp\/v2\/types\/page"}],"author":[{"embeddable":true,"href":"https:\/\/www.body2last.nl\/index.php?rest_route=\/wp\/v2\/users\/1"}],"replies":[{"embeddable":true,"href":"https:\/\/www.body2last.nl\/index.php?rest_route=%2Fwp%2Fv2%2Fcomments&post=536"}],"version-history":[{"count":20,"href":"https:\/\/www.body2last.nl\/index.php?rest_route=\/wp\/v2\/pages\/536\/revisions"}],"predecessor-version":[{"id":885,"href":"https:\/\/www.body2last.nl\/index.php?rest_route=\/wp\/v2\/pages\/536\/revisions\/885"}],"up":[{"embeddable":true,"href":"https:\/\/www.body2last.nl\/index.php?rest_route=\/wp\/v2\/pages\/10"}],"wp:attachment":[{"href":"https:\/\/www.body2last.nl\/index.php?rest_route=%2Fwp%2Fv2%2Fmedia&parent=536"}],"curies":[{"name":"wp","href":"https:\/\/api.w.org\/{rel}","templated":true}]}}